{"id":133,"date":"2025-06-11T08:08:37","date_gmt":"2025-06-11T06:08:37","guid":{"rendered":"https:\/\/cogni-drive.com\/?page_id=133"},"modified":"2025-07-23T16:29:32","modified_gmt":"2025-07-23T14:29:32","slug":"uber-uns","status":"publish","type":"page","link":"https:\/\/cogni-drive.com\/en\/uber-uns\/","title":{"rendered":"About us"},"content":{"rendered":"<div data-elementor-type=\"wp-page\" data-elementor-id=\"133\" class=\"elementor elementor-133\" data-elementor-post-type=\"page\">\n\t\t\t\t<div class=\"elementor-element elementor-element-c1abb86 e-flex e-con-boxed e-con e-parent\" data-id=\"c1abb86\" data-element_type=\"container\" data-e-type=\"container\" data-settings=\"{&quot;background_background&quot;:&quot;video&quot;,&quot;background_video_link&quot;:&quot;https:\\\/\\\/youtu.be\\\/sJLCLMj8RQo&quot;,&quot;background_play_on_mobile&quot;:&quot;yes&quot;}\">\n\t\t\t\t\t<div class=\"e-con-inner\">\n\t\t<div class=\"elementor-background-video-container\">\n\t\t\t\t\t\t\t<div class=\"elementor-background-video-embed\" role=\"presentation\"><\/div>\n\t\t\t\t\t\t<\/div><div class=\"elementor-element elementor-element-b1cbc12 e-con-full e-flex e-con e-child\" data-id=\"b1cbc12\" data-element_type=\"container\" data-e-type=\"container\">\n\t\t\t\t<div class=\"elementor-element elementor-element-3b84bc3 elementor-widget elementor-widget-heading\" data-id=\"3b84bc3\" data-element_type=\"widget\" data-e-type=\"widget\" data-widget_type=\"heading.default\">\n\t\t\t\t<div class=\"elementor-widget-container\">\n\t\t\t\t\t<h2 class=\"elementor-heading-title elementor-size-default\">About us<\/h2>\t\t\t\t<\/div>\n\t\t\t\t<\/div>\n\t\t\t\t<\/div>\n\t\t<div class=\"elementor-element elementor-element-e30f1cc e-con-full elementor-hidden-mobile e-flex e-con e-child\" data-id=\"e30f1cc\" data-element_type=\"container\" data-e-type=\"container\">\n\t\t\t\t<\/div>\n\t\t\t\t\t<\/div>\n\t\t\t\t<\/div>\n\t\t<div class=\"elementor-element elementor-element-1544fce e-flex e-con-boxed e-con e-parent\" data-id=\"1544fce\" data-element_type=\"container\" data-e-type=\"container\" data-settings=\"{&quot;background_background&quot;:&quot;classic&quot;}\">\n\t\t\t\t\t<div class=\"e-con-inner\">\n\t\t<div class=\"elementor-element elementor-element-3c49efc e-con-full e-flex e-con e-child\" data-id=\"3c49efc\" data-element_type=\"container\" data-e-type=\"container\">\n\t\t\t\t<div class=\"elementor-element elementor-element-89e4074 elementor-widget elementor-widget-image\" data-id=\"89e4074\" data-element_type=\"widget\" data-e-type=\"widget\" data-widget_type=\"image.default\">\n\t\t\t\t<div class=\"elementor-widget-container\">\n\t\t\t\t\t\t\t\t\t\t\t\t\t\t\t<img fetchpriority=\"high\" decoding=\"async\" width=\"700\" height=\"818\" src=\"https:\/\/cogni-drive.com\/wp-content\/uploads\/2025\/06\/img5.png\" class=\"attachment-large size-large wp-image-136\" alt=\"\" srcset=\"https:\/\/cogni-drive.com\/wp-content\/uploads\/2025\/06\/img5.png 700w, https:\/\/cogni-drive.com\/wp-content\/uploads\/2025\/06\/img5-257x300.png 257w\" sizes=\"(max-width: 700px) 100vw, 700px\" \/>\t\t\t\t\t\t\t\t\t\t\t\t\t\t\t<\/div>\n\t\t\t\t<\/div>\n\t\t\t\t<\/div>\n\t\t<div class=\"elementor-element elementor-element-c145fae e-con-full e-flex e-con e-child\" data-id=\"c145fae\" data-element_type=\"container\" data-e-type=\"container\">\n\t\t\t\t<div class=\"elementor-element elementor-element-395e25e elementor-widget elementor-widget-heading\" data-id=\"395e25e\" data-element_type=\"widget\" data-e-type=\"widget\" data-widget_type=\"heading.default\">\n\t\t\t\t<div class=\"elementor-widget-container\">\n\t\t\t\t\t<h2 class=\"elementor-heading-title elementor-size-default\">About us<\/h2>\t\t\t\t<\/div>\n\t\t\t\t<\/div>\n\t\t\t\t<div class=\"elementor-element elementor-element-63a2a3a elementor-widget elementor-widget-heading\" data-id=\"63a2a3a\" data-element_type=\"widget\" data-e-type=\"widget\" data-widget_type=\"heading.default\">\n\t\t\t\t<div class=\"elementor-widget-container\">\n\t\t\t\t\t<h3 class=\"elementor-heading-title elementor-size-default\">CogniDrive stands for intelligent robotics that thinks for itself.<\/h3>\t\t\t\t<\/div>\n\t\t\t\t<\/div>\n\t\t\t\t<div class=\"elementor-element elementor-element-c20e1ca elementor-widget elementor-widget-text-editor\" data-id=\"c20e1ca\" data-element_type=\"widget\" data-e-type=\"widget\" data-widget_type=\"text-editor.default\">\n\t\t\t\t<div class=\"elementor-widget-container\">\n\t\t\t\t\t\t\t\t\t<p>CogniDrive was founded at the end of 2024 by Dr. Matthias Rottenkolber, an experienced entrepreneur in the field of 3D sensor technology and automation. He has already set new standards in industrial image processing with his previous company ShapeDrive. With CogniDrive, he is now pursuing a long-term vision together with an interdisciplinary team: to make the next level of autonomous robotics a reality:<\/p><p>Collaborative robots - known as cobots - have already changed industrial production: They can be used flexibly, work safely with humans and are easier to program than traditional industrial robots.<\/p><p>The next big leap in innovation is to give them a spatial understanding:<\/p><p>We are developing systems that equip cobots with spatial intelligence - in other words, the ability to perceive and analyze three-dimensional environments in real time and to act independently on the basis of this perception. This enables them to understand their environment and actively adapt to complex situations - just like a human.<\/p><p>Our experience shows: Conventional control solutions reach their limits when processes are complex, unstructured or rich in variants. With our technology, we create the basis for a new type of automation: adaptable, adaptive and robust in a real environment.<\/p>\t\t\t\t\t\t\t\t<\/div>\n\t\t\t\t<\/div>\n\t\t\t\t<\/div>\n\t\t\t\t\t<\/div>\n\t\t\t\t<\/div>\n\t\t<div class=\"elementor-element elementor-element-cc9a57c e-flex e-con-boxed e-con e-parent\" data-id=\"cc9a57c\" data-element_type=\"container\" data-e-type=\"container\" data-settings=\"{&quot;background_background&quot;:&quot;classic&quot;}\">\n\t\t\t\t\t<div class=\"e-con-inner\">\n\t\t<div class=\"elementor-element elementor-element-8361149 e-con-full e-flex e-con e-child\" data-id=\"8361149\" data-element_type=\"container\" data-e-type=\"container\">\n\t\t\t\t<div class=\"elementor-element elementor-element-b575c33 elementor-widget elementor-widget-heading\" data-id=\"b575c33\" data-element_type=\"widget\" data-e-type=\"widget\" data-widget_type=\"heading.default\">\n\t\t\t\t<div class=\"elementor-widget-container\">\n\t\t\t\t\t<h2 class=\"elementor-heading-title elementor-size-default\">The future<\/h2>\t\t\t\t<\/div>\n\t\t\t\t<\/div>\n\t\t\t\t<div class=\"elementor-element elementor-element-2465c78 elementor-widget elementor-widget-text-editor\" data-id=\"2465c78\" data-element_type=\"widget\" data-e-type=\"widget\" data-widget_type=\"text-editor.default\">\n\t\t\t\t<div class=\"elementor-widget-container\">\n\t\t\t\t\t\t\t\t\t<p>Collaborative robots have already changed industrial production. They are flexible to use, safe to work with humans and easier to program than traditional industrial robots. But the next big leap in innovation is just around the corner: the combination of cobots with spatial intelligence. Spatial intelligence means that a robot can detect, analyze and understand its environment in three dimensions in real time. This means that cobots would not only react, but also actively think - particularly interesting for complex manufacturing processes.<\/p>\t\t\t\t\t\t\t\t<\/div>\n\t\t\t\t<\/div>\n\t\t\t\t<\/div>\n\t\t\t\t\t<\/div>\n\t\t\t\t<\/div>\n\t\t<div class=\"elementor-element elementor-element-22461c4 elementor-hidden-desktop elementor-hidden-tablet elementor-hidden-mobile e-flex e-con-boxed e-con e-parent\" data-id=\"22461c4\" data-element_type=\"container\" data-e-type=\"container\" data-settings=\"{&quot;background_background&quot;:&quot;classic&quot;}\">\n\t\t\t\t\t<div class=\"e-con-inner\">\n\t\t<div class=\"elementor-element elementor-element-45dc068 e-con-full e-flex e-con e-child\" data-id=\"45dc068\" data-element_type=\"container\" data-e-type=\"container\">\n\t\t\t\t<div class=\"elementor-element elementor-element-6a36741 elementor-widget elementor-widget-heading\" data-id=\"6a36741\" data-element_type=\"widget\" data-e-type=\"widget\" data-widget_type=\"heading.default\">\n\t\t\t\t<div class=\"elementor-widget-container\">\n\t\t\t\t\t<h2 class=\"elementor-heading-title elementor-size-default\">New possibilities in production<\/h2>\t\t\t\t<\/div>\n\t\t\t\t<\/div>\n\t\t\t\t<div class=\"elementor-element elementor-element-df76b1e elementor-widget elementor-widget-spacer\" data-id=\"df76b1e\" data-element_type=\"widget\" data-e-type=\"widget\" data-widget_type=\"spacer.default\">\n\t\t\t\t<div class=\"elementor-widget-container\">\n\t\t\t\t\t\t\t<div class=\"elementor-spacer\">\n\t\t\t<div class=\"elementor-spacer-inner\"><\/div>\n\t\t<\/div>\n\t\t\t\t\t\t<\/div>\n\t\t\t\t<\/div>\n\t\t<div class=\"elementor-element elementor-element-68aedbb e-grid e-con-full e-con e-child\" data-id=\"68aedbb\" data-element_type=\"container\" data-e-type=\"container\">\n\t\t<div class=\"elementor-element elementor-element-61b191a e-con-full e-flex e-con e-child\" data-id=\"61b191a\" data-element_type=\"container\" data-e-type=\"container\">\n\t\t\t\t<div class=\"elementor-element elementor-element-2038f85 elementor-widget elementor-widget-text-editor\" data-id=\"2038f85\" data-element_type=\"widget\" data-e-type=\"widget\" data-widget_type=\"text-editor.default\">\n\t\t\t\t<div class=\"elementor-widget-container\">\n\t\t\t\t\t\t\t\t\t<h6><span style=\"color: #ffffff;\"><strong>Flexible production without fixed programming<\/strong><\/span><\/h6><p>Today, cobots usually have to be programmed precisely for each new work step. With spatial intelligence, they could react spontaneously to new workpieces, tools or component positions. For example, a cobot would recognize whether a part is at a slight angle - and still grip and assemble it correctly.<\/p><h6><span style=\"color: #ffffff;\"><strong>Automation of varied assembly work<\/strong><\/span><\/h6><p>In mass production with many product variants, automation has been difficult up to now. An intelligent cobot could independently decide which work steps are necessary by recognizing component geometries - without retooling or reprogramming.<\/p>\t\t\t\t\t\t\t\t<\/div>\n\t\t\t\t<\/div>\n\t\t\t\t<\/div>\n\t\t<div class=\"elementor-element elementor-element-7220cc6 e-con-full e-flex e-con e-child\" data-id=\"7220cc6\" data-element_type=\"container\" data-e-type=\"container\">\n\t\t\t\t<div class=\"elementor-element elementor-element-760fbe4 elementor-widget elementor-widget-text-editor\" data-id=\"760fbe4\" data-element_type=\"widget\" data-e-type=\"widget\" data-widget_type=\"text-editor.default\">\n\t\t\t\t<div class=\"elementor-widget-container\">\n\t\t\t\t\t\t\t\t\t<h6><strong><span style=\"color: #ffffff;\">Independent quality control<\/span><\/strong><\/h6><p>With the help of 3D sensors and spatial understanding, cobots could automatically check during assembly whether components are correctly seated, screws are properly tightened or whether there are tolerance deviations - and readjust if necessary.<\/p><h6><strong><span style=\"color: #ffffff;\">Interaction with dynamic environments<\/span><\/strong><\/h6><p>In workshops or flexible production lines where people, vehicles and materials are in motion, spatially intelligent cobots could operate safely and efficiently - without having to rely on clearly demarcated work areas.<\/p>\t\t\t\t\t\t\t\t<\/div>\n\t\t\t\t<\/div>\n\t\t\t\t<\/div>\n\t\t\t\t<\/div>\n\t\t\t\t<div class=\"elementor-element elementor-element-0dd7139 elementor-widget elementor-widget-text-editor\" data-id=\"0dd7139\" data-element_type=\"widget\" data-e-type=\"widget\" data-widget_type=\"text-editor.default\">\n\t\t\t\t<div class=\"elementor-widget-container\">\n\t\t\t\t\t\t\t\t\t<p><span style=\"color: #ffffff;\"><strong>Conclusion<\/strong><\/span><\/p><p>Cobots with spatial intelligence would significantly advance automation in production - especially where a lot of manual work is still required today. They could adapt to changing products, environments and situations, make decisions on the spot and work directly with people. This brings the vision of a truly flexible, intelligent factory a great deal closer.<\/p>\t\t\t\t\t\t\t\t<\/div>\n\t\t\t\t<\/div>\n\t\t\t\t<div class=\"elementor-element elementor-element-4690688 elementor-widget elementor-widget-spacer\" data-id=\"4690688\" data-element_type=\"widget\" data-e-type=\"widget\" data-widget_type=\"spacer.default\">\n\t\t\t\t<div class=\"elementor-widget-container\">\n\t\t\t\t\t\t\t<div class=\"elementor-spacer\">\n\t\t\t<div class=\"elementor-spacer-inner\"><\/div>\n\t\t<\/div>\n\t\t\t\t\t\t<\/div>\n\t\t\t\t<\/div>\n\t\t\t\t<div class=\"elementor-element elementor-element-75c39c8 elementor-widget elementor-widget-image\" data-id=\"75c39c8\" data-element_type=\"widget\" data-e-type=\"widget\" data-widget_type=\"image.default\">\n\t\t\t\t<div class=\"elementor-widget-container\">\n\t\t\t\t\t\t\t\t\t\t\t\t\t\t\t<img decoding=\"async\" width=\"1320\" height=\"316\" src=\"https:\/\/cogni-drive.com\/wp-content\/uploads\/2025\/06\/img6.png\" class=\"attachment-full size-full wp-image-137\" alt=\"\" srcset=\"https:\/\/cogni-drive.com\/wp-content\/uploads\/2025\/06\/img6.png 1320w, https:\/\/cogni-drive.com\/wp-content\/uploads\/2025\/06\/img6-300x72.png 300w, https:\/\/cogni-drive.com\/wp-content\/uploads\/2025\/06\/img6-1024x245.png 1024w, https:\/\/cogni-drive.com\/wp-content\/uploads\/2025\/06\/img6-768x184.png 768w\" sizes=\"(max-width: 1320px) 100vw, 1320px\" \/>\t\t\t\t\t\t\t\t\t\t\t\t\t\t\t<\/div>\n\t\t\t\t<\/div>\n\t\t\t\t<\/div>\n\t\t\t\t\t<\/div>\n\t\t\t\t<\/div>\n\t\t\t\t<\/div>","protected":false},"excerpt":{"rendered":"<p>\u00dcber uns \u00dcber uns CogniDrive steht f\u00fcr intelligente Robotik, die mitdenkt. Gegr\u00fcndet wurde CogniDrive Ende 2024 von Dr. Matthias Rottenkolber, einem erfahrenen Unternehmer im Bereich 3D-Sensorik und Automatisierung. Bereits mit seinem fr\u00fcheren Unternehmen ShapeDrive hat er neue Ma\u00dfst\u00e4be in der industriellen Bildverarbeitung gesetzt. Mit CogniDrive verfolgt er nun gemeinsam mit einem interdisziplin\u00e4ren Team eine langfristige [&hellip;]<\/p>\n","protected":false},"author":1,"featured_media":0,"parent":0,"menu_order":0,"comment_status":"closed","ping_status":"closed","template":"elementor_header_footer","meta":{"footnotes":""},"class_list":["post-133","page","type-page","status-publish","hentry"],"_links":{"self":[{"href":"https:\/\/cogni-drive.com\/en\/wp-json\/wp\/v2\/pages\/133","targetHints":{"allow":["GET"]}}],"collection":[{"href":"https:\/\/cogni-drive.com\/en\/wp-json\/wp\/v2\/pages"}],"about":[{"href":"https:\/\/cogni-drive.com\/en\/wp-json\/wp\/v2\/types\/page"}],"author":[{"embeddable":true,"href":"https:\/\/cogni-drive.com\/en\/wp-json\/wp\/v2\/users\/1"}],"replies":[{"embeddable":true,"href":"https:\/\/cogni-drive.com\/en\/wp-json\/wp\/v2\/comments?post=133"}],"version-history":[{"count":51,"href":"https:\/\/cogni-drive.com\/en\/wp-json\/wp\/v2\/pages\/133\/revisions"}],"predecessor-version":[{"id":799,"href":"https:\/\/cogni-drive.com\/en\/wp-json\/wp\/v2\/pages\/133\/revisions\/799"}],"wp:attachment":[{"href":"https:\/\/cogni-drive.com\/en\/wp-json\/wp\/v2\/media?parent=133"}],"curies":[{"name":"wp","href":"https:\/\/api.w.org\/{rel}","templated":true}]}}