{"id":387,"date":"2025-06-13T16:36:02","date_gmt":"2025-06-13T14:36:02","guid":{"rendered":"https:\/\/cogni-drive.com\/?page_id=387"},"modified":"2025-06-17T11:30:42","modified_gmt":"2025-06-17T09:30:42","slug":"impressum","status":"publish","type":"page","link":"https:\/\/cogni-drive.com\/en\/impressum\/","title":{"rendered":"Imprint"},"content":{"rendered":"<div data-elementor-type=\"wp-page\" data-elementor-id=\"387\" class=\"elementor elementor-387\" data-elementor-post-type=\"page\">\n\t\t\t\t<div class=\"elementor-element elementor-element-c1abb86 e-flex e-con-boxed e-con e-parent\" data-id=\"c1abb86\" data-element_type=\"container\" data-e-type=\"container\" data-settings=\"{&quot;background_background&quot;:&quot;video&quot;,&quot;background_video_link&quot;:&quot;https:\\\/\\\/youtu.be\\\/sJLCLMj8RQo&quot;,&quot;background_play_on_mobile&quot;:&quot;yes&quot;}\">\n\t\t\t\t\t<div class=\"e-con-inner\">\n\t\t<div class=\"elementor-background-video-container\">\n\t\t\t\t\t\t\t<div class=\"elementor-background-video-embed\" role=\"presentation\"><\/div>\n\t\t\t\t\t\t<\/div><div class=\"elementor-element elementor-element-b1cbc12 e-con-full e-flex e-con e-child\" data-id=\"b1cbc12\" data-element_type=\"container\" data-e-type=\"container\">\n\t\t\t\t<div class=\"elementor-element elementor-element-3b84bc3 elementor-widget elementor-widget-heading\" data-id=\"3b84bc3\" data-element_type=\"widget\" data-e-type=\"widget\" data-widget_type=\"heading.default\">\n\t\t\t\t<div class=\"elementor-widget-container\">\n\t\t\t\t\t<h2 class=\"elementor-heading-title elementor-size-default\">Imprint<\/h2>\t\t\t\t<\/div>\n\t\t\t\t<\/div>\n\t\t\t\t<\/div>\n\t\t<div class=\"elementor-element elementor-element-e30f1cc e-con-full e-flex e-con e-child\" data-id=\"e30f1cc\" data-element_type=\"container\" data-e-type=\"container\">\n\t\t\t\t<\/div>\n\t\t\t\t\t<\/div>\n\t\t\t\t<\/div>\n\t\t<div class=\"elementor-element elementor-element-1544fce e-flex e-con-boxed e-con e-parent\" data-id=\"1544fce\" data-element_type=\"container\" data-e-type=\"container\" data-settings=\"{&quot;background_background&quot;:&quot;classic&quot;}\">\n\t\t\t\t\t<div class=\"e-con-inner\">\n\t\t<div class=\"elementor-element elementor-element-c145fae e-con-full e-flex e-con e-child\" data-id=\"c145fae\" data-element_type=\"container\" data-e-type=\"container\">\n\t\t\t\t<div class=\"elementor-element elementor-element-c20e1ca elementor-widget elementor-widget-text-editor\" data-id=\"c20e1ca\" data-element_type=\"widget\" data-e-type=\"widget\" data-widget_type=\"text-editor.default\">\n\t\t\t\t<div class=\"elementor-widget-container\">\n\t\t\t\t\t\t\t\t\t<h5><strong>Information according to \u00a7 5 TMG<\/strong><\/h5><p>CogniDrive GmbH<br \/>Ina-Seidel-Str. 14<br \/>82131 Gauting<br \/>Germany<\/p><p><strong>Represented by<\/strong><br \/>Dr. Matthias Rottenkolber<\/p><p><strong>Contact information<\/strong><br \/>Phone: +49 (0) 89 99885099<br \/>E-Mail: info@cogni-drive.com<br \/>Internetadresse: www.cogni-drive.com<\/p><p><strong>Register entry<br \/><\/strong>Entry in: Commercial register<br \/>Register number: HRB 298193<br \/>Register court: Munich Local Court<\/p><p><strong>Sales tax identification number<\/strong><br \/>Value added tax identification number in accordance with \u00a7 27 a of the Value Added Tax Act (UStG)<\/p><p>DE452551353<\/p><p><strong>Disclaimer<\/strong><\/p><p><strong>Responsibility for the content of this website<\/strong><br \/>The content of our website has been created with the utmost care. However, we cannot accept any liability for the accuracy, completeness and up-to-dateness of the content. In accordance with the statutory provisions, we are also responsible for our own content on these pages. In this context, we would like to point out that we are not obliged to monitor transmitted or stored third-party information or to investigate circumstances that indicate illegal activity. Obligations to remove or block the use of information in accordance with the general laws remain unaffected by this in accordance with \u00a7\u00a7 8 to 10 TMG.<\/p><p><strong>Liability for links<br \/><\/strong>The content of external links (to third-party websites) is the sole responsibility of their operators. At the time of linking, we were not aware of any infringements. If we become aware of any infringements, we will remove such links immediately.<\/p><p><strong>Copyright<br \/><\/strong>Our websites and their content are subject to German copyright law. Any form of utilization, reproduction or processing of copyrighted works on our websites requires the prior consent of the respective copyright holder, unless expressly permitted by law. Individual reproductions of a work are only permitted for private use. The material on these pages is protected by copyright, and any unauthorized use may violate copyright law.<\/p>\t\t\t\t\t\t\t\t<\/div>\n\t\t\t\t<\/div>\n\t\t\t\t<\/div>\n\t\t\t\t\t<\/div>\n\t\t\t\t<\/div>\n\t\t\t\t<\/div>","protected":false},"excerpt":{"rendered":"<p>Impressum Informationen nach \u00a7 5 TMG CogniDrive GmbHIna-Seidel-Str. 1482131 GautingDeutschland Vertreten durchDr. Matthias Rottenkolber KontaktinformationenTelefon: +49 (0) 89 99885099E-Mail: info@cogni-drive.comInternetadresse: www.cogni-drive.com RegistereintragEintrag in: HandelsregisterRegisternummer: HRB 298193Registergericht: Amtsgericht M\u00fcnchen UmsatzsteueridentifikationsnummerUmsatzsteuer-Identifikationsnummer gem\u00e4\u00df \u00a7 27 a Umsatzsteuergesetz (UStG) DE452551353 Haftungsausschluss Verantwortlichkeit f\u00fcr den Inhalt dieser WebsiteDie Inhalte unserer Website wurden mit gr\u00f6\u00dfter Sorgfalt erstellt. F\u00fcr die Richtigkeit, Vollst\u00e4ndigkeit [&hellip;]<\/p>\n","protected":false},"author":1,"featured_media":0,"parent":0,"menu_order":0,"comment_status":"closed","ping_status":"closed","template":"elementor_header_footer","meta":{"footnotes":""},"class_list":["post-387","page","type-page","status-publish","hentry"],"_links":{"self":[{"href":"https:\/\/cogni-drive.com\/en\/wp-json\/wp\/v2\/pages\/387","targetHints":{"allow":["GET"]}}],"collection":[{"href":"https:\/\/cogni-drive.com\/en\/wp-json\/wp\/v2\/pages"}],"about":[{"href":"https:\/\/cogni-drive.com\/en\/wp-json\/wp\/v2\/types\/page"}],"author":[{"embeddable":true,"href":"https:\/\/cogni-drive.com\/en\/wp-json\/wp\/v2\/users\/1"}],"replies":[{"embeddable":true,"href":"https:\/\/cogni-drive.com\/en\/wp-json\/wp\/v2\/comments?post=387"}],"version-history":[{"count":10,"href":"https:\/\/cogni-drive.com\/en\/wp-json\/wp\/v2\/pages\/387\/revisions"}],"predecessor-version":[{"id":532,"href":"https:\/\/cogni-drive.com\/en\/wp-json\/wp\/v2\/pages\/387\/revisions\/532"}],"wp:attachment":[{"href":"https:\/\/cogni-drive.com\/en\/wp-json\/wp\/v2\/media?parent=387"}],"curies":[{"name":"wp","href":"https:\/\/api.w.org\/{rel}","templated":true}]}}